{"id":148,"date":"2018-06-27T16:46:09","date_gmt":"2018-06-27T16:46:09","guid":{"rendered":"http:\/\/pradosuraudio.com\/staff\/"},"modified":"2018-06-28T18:15:50","modified_gmt":"2018-06-28T18:15:50","slug":"staff","status":"publish","type":"page","link":"http:\/\/pradosuraudio.com\/en\/staff\/","title":{"rendered":"Staff"},"content":{"rendered":"<p>[et_pb_section bb_built=&#8221;1&#8243; admin_label=&#8221;Servicios&#8221; background_color=&#8221;#111111&#8243; module_id=&#8221;Servicios&#8221; _builder_version=&#8221;3.0.94&#8243; parallax=&#8221;on&#8221; custom_padding=&#8221;0px|0px|250px|0px&#8221; next_background_color=&#8221;#000000&#8243;][et_pb_row custom_padding=&#8221;0px|0px|0px|0px&#8221; _builder_version=&#8221;3.0.94&#8243; module_alignment=&#8221;left&#8221;][et_pb_column type=&#8221;4_4&#8243;][et_pb_image src=&#8221;http:\/\/pradosuraudio.com\/wp-content\/uploads\/2018\/04\/PSA-Logo-RGB-Web.png&#8221; show_bottom_space=&#8221;off&#8221; _builder_version=&#8221;3.0.106&#8243; custom_margin=&#8221;||20px|52px&#8221; url=&#8221;http:\/\/pradosuraudio.com\/en\/&#8221; show_in_lightbox=&#8221;off&#8221; url_new_window=&#8221;off&#8221; use_overlay=&#8221;off&#8221; always_center_on_mobile=&#8221;on&#8221; force_fullwidth=&#8221;off&#8221;]<br \/>\n[\/et_pb_image][\/et_pb_column][\/et_pb_row][\/et_pb_section][et_pb_section bb_built=&#8221;1&#8243; background_color=&#8221;#111111&#8243; _builder_version=&#8221;3.0.94&#8243; custom_padding=&#8221;0px|0px|120px|0px&#8221; prev_background_color=&#8221;#000000&#8243; next_background_color=&#8221;#303030&#8243;][et_pb_row custom_padding=&#8221;0px|0px|0px|0px&#8221; _builder_version=&#8221;3.0.85&#8243;][et_pb_column type=&#8221;4_4&#8243;][et_pb_text _builder_version=&#8221;3.0.94&#8243; text_font=&#8221;Karla|700|||||||&#8221; text_font_size=&#8221;34px&#8221; text_text_color=&#8221;#ffffff&#8221; text_line_height=&#8221;1.5em&#8221; header_font=&#8221;||||||||&#8221; text_orientation=&#8221;center&#8221;]<\/p>\n<p>Staff<\/p>\n<p>[\/et_pb_text][\/et_pb_column][\/et_pb_row][\/et_pb_section][et_pb_section bb_built=&#8221;1&#8243; background_color=&#8221;#303030&#8243; _builder_version=&#8221;3.0.94&#8243; custom_padding=&#8221;60px|0px|120px|0px&#8221; prev_background_color=&#8221;#111111&#8243;][et_pb_row make_fullwidth=&#8221;on&#8221; custom_padding=&#8221;80px|0px|80px|0px&#8221; custom_margin=&#8221;30px|||&#8221; background_color=&#8221;#ffffff&#8221; _builder_version=&#8221;3.0.94&#8243; background_size=&#8221;initial&#8221; background_position=&#8221;top_left&#8221; background_repeat=&#8221;repeat&#8221; border_color_all=&#8221;#ffffff&#8221;][et_pb_column type=&#8221;1_4&#8243;][et_pb_text _builder_version=&#8221;3.0.94&#8243; text_font=&#8221;||||||||&#8221; text_font_size=&#8221;16px&#8221; text_line_height=&#8221;1.8em&#8221; border_width_right=&#8221;2px&#8221; border_color_right=&#8221;#a5a5a5&#8243; custom_margin=&#8221;|-40px||&#8221;]<\/p>\n<p style=\"text-align: center;\">MANAGING DIRECTOR:<\/p>\n<p style=\"text-align: center;\"><strong><br \/>\nRODRIGO BARBER\u00c1<\/strong><\/p>\n<p>[\/et_pb_text][\/et_pb_column][et_pb_column type=&#8221;1_4&#8243;][et_pb_text _builder_version=&#8221;3.0.94&#8243; text_font=&#8221;||||||||&#8221; text_font_size=&#8221;16px&#8221; text_line_height=&#8221;1.8em&#8221; border_width_right=&#8221;2px&#8221; border_color_right=&#8221;#a5a5a5&#8243; border_color_left=&#8221;#a5a5a5&#8243; custom_margin=&#8221;|-40px||&#8221; custom_padding=&#8221;|||&#8221;]<\/p>\n<p style=\"text-align: center;\">PRODUCTION:<\/p>\n<p style=\"text-align: center;\"><strong>LISI GUTI\u00c9RREZ<\/strong><br \/>\n<strong>LUCERO CAMPOS<\/strong><\/p>\n<p>[\/et_pb_text][\/et_pb_column][et_pb_column type=&#8221;1_4&#8243;][et_pb_text _builder_version=&#8221;3.0.94&#8243; text_font=&#8221;||||||||&#8221; text_font_size=&#8221;16px&#8221; text_line_height=&#8221;1.8em&#8221; border_width_right=&#8221;2px&#8221; border_color_right=&#8221;#a5a5a5&#8243; custom_margin=&#8221;|-40px||&#8221;]<\/p>\n<p style=\"text-align: center;\">MUSICIANS:<\/p>\n<p style=\"text-align: center;\"><strong>RODRIGO BARBER\u00c1<\/strong><br \/>\n<strong>SANTIAGO OJEDA<\/strong><\/p>\n<p>[\/et_pb_text][\/et_pb_column][et_pb_column type=&#8221;1_4&#8243;][et_pb_text _builder_version=&#8221;3.0.94&#8243; text_font=&#8221;||||||||&#8221; text_font_size=&#8221;16px&#8221; text_line_height=&#8221;1.8em&#8221;]<\/p>\n<p style=\"text-align: center;\">AUDIO DESIGNERS:<\/p>\n<p style=\"text-align: center;\"><strong>EMILE GUTI\u00c9RREZ<\/strong><br \/>\n<strong>PEPE GONZ\u00c1LEZ<\/strong><\/p>\n<p>[\/et_pb_text][\/et_pb_column][\/et_pb_row][\/et_pb_section]<\/p>\n","protected":false},"excerpt":{"rendered":"<p>Staff MANAGING DIRECTOR: RODRIGO BARBER\u00c1 PRODUCTION: LISI GUTI\u00c9RREZ LUCERO CAMPOS MUSICIANS: RODRIGO BARBER\u00c1 SANTIAGO OJEDA AUDIO DESIGNERS: EMILE GUTI\u00c9RREZ PEPE GONZ\u00c1LEZ<\/p>\n","protected":false},"author":1,"featured_media":0,"parent":0,"menu_order":0,"comment_status":"closed","ping_status":"closed","template":"","meta":{"_et_pb_use_builder":"on","_et_pb_old_content":"","_et_gb_content_width":"","footnotes":""},"class_list":["post-148","page","type-page","status-publish","hentry"],"_links":{"self":[{"href":"http:\/\/pradosuraudio.com\/en\/wp-json\/wp\/v2\/pages\/148","targetHints":{"allow":["GET"]}}],"collection":[{"href":"http:\/\/pradosuraudio.com\/en\/wp-json\/wp\/v2\/pages"}],"about":[{"href":"http:\/\/pradosuraudio.com\/en\/wp-json\/wp\/v2\/types\/page"}],"author":[{"embeddable":true,"href":"http:\/\/pradosuraudio.com\/en\/wp-json\/wp\/v2\/users\/1"}],"replies":[{"embeddable":true,"href":"http:\/\/pradosuraudio.com\/en\/wp-json\/wp\/v2\/comments?post=148"}],"version-history":[{"count":5,"href":"http:\/\/pradosuraudio.com\/en\/wp-json\/wp\/v2\/pages\/148\/revisions"}],"predecessor-version":[{"id":217,"href":"http:\/\/pradosuraudio.com\/en\/wp-json\/wp\/v2\/pages\/148\/revisions\/217"}],"wp:attachment":[{"href":"http:\/\/pradosuraudio.com\/en\/wp-json\/wp\/v2\/media?parent=148"}],"curies":[{"name":"wp","href":"https:\/\/api.w.org\/{rel}","templated":true}]}}